{"id":182,"date":"2023-04-11T12:21:15","date_gmt":"2023-04-11T12:21:15","guid":{"rendered":"http:\/\/nevermoreiskola.hu\/?page_id=182"},"modified":"2025-02-11T15:10:25","modified_gmt":"2025-02-11T15:10:25","slug":"dsds","status":"publish","type":"page","link":"https:\/\/nevermoreiskola.hu\/?page_id=182","title":{"rendered":"bejelentkezes"},"content":{"rendered":"<p>[et_pb_section fb_built=&#8221;1&#8243; _builder_version=&#8221;4.20.4&#8243; _module_preset=&#8221;default&#8221; background_color=&#8221;#FFFFFF&#8221; background_video_mp4=&#8221;https:\/\/nevermoreiskola.hu\/wp-content\/uploads\/2023\/04\/desktop_bg-1.mp4&#8243; min_height=&#8221;689px&#8221; global_colors_info=&#8221;{}&#8221;][et_pb_row _builder_version=&#8221;4.20.4&#8243; _module_preset=&#8221;default&#8221; background_enable_color=&#8221;off&#8221; global_colors_info=&#8221;{}&#8221;][et_pb_column type=&#8221;4_4&#8243; _builder_version=&#8221;4.20.4&#8243; _module_preset=&#8221;default&#8221; global_colors_info=&#8221;{}&#8221;][et_pb_code _builder_version=&#8221;4.27.4&#8243; _module_preset=&#8221;default&#8221; background_color=&#8221;rgba(25,25,25,0.84)&#8221; text_orientation=&#8221;center&#8221; hover_enabled=&#8221;0&#8243; border_radii=&#8221;on|10px|10px|10px|10px&#8221; global_colors_info=&#8221;{}&#8221; sticky_enabled=&#8221;0&#8243;]<!-- [et_pb_line_break_holder] -->    <!-- [et_pb_line_break_holder] --><!-- [et_pb_line_break_holder] -->    <script><!-- [et_pb_line_break_holder] -->        function validateId(event) {<!-- [et_pb_line_break_holder] -->            event.preventDefault();<!-- [et_pb_line_break_holder] -->            const idNumber = document.getElementById(\"id-number\").value;<!-- [et_pb_line_break_holder] --><!-- [et_pb_line_break_holder] -->            if (idNumber === \"555\" || idNumber === \"87294\" || idNumber === \"d\u00e1lia\") {<!-- [et_pb_line_break_holder] -->                document.getElementById(\"pin-section\").style.display = \"block\";<!-- [et_pb_line_break_holder] -->            } else {<!-- [et_pb_line_break_holder] -->                alert(\"Helytelen azonos\u00edt\u00f3\");<!-- [et_pb_line_break_holder] -->            }<!-- [et_pb_line_break_holder] -->        }<!-- [et_pb_line_break_holder] --><!-- [et_pb_line_break_holder] -->        function validatePin(event) {<!-- [et_pb_line_break_holder] -->            event.preventDefault();<!-- [et_pb_line_break_holder] -->            const idNumber = document.getElementById(\"id-number\").value;<!-- [et_pb_line_break_holder] -->            const pin = document.getElementById(\"pin\").value;<!-- [et_pb_line_break_holder] -->            let currentDate = new Date();<!-- [et_pb_line_break_holder] -->            let formattedDateWithoutYear = `${String(currentDate.getMonth() + 1).padStart(2, '0')}-${String(currentDate.getDate()).padStart(2, '0')}`;<!-- [et_pb_line_break_holder] --><!-- [et_pb_line_break_holder] -->            if (idNumber === \"555\" && pin === \"888\") {<!-- [et_pb_line_break_holder] -->                window.location.href = \"https:\/\/example.com\/redirect-page-1\";<!-- [et_pb_line_break_holder] -->            } else if (idNumber === \"87294\" && pin === \"11-04\") {<!-- [et_pb_line_break_holder] -->                window.location.href = \"https:\/\/lubricmuseum.hu\/logged-in-1\/\";<!-- [et_pb_line_break_holder] -->            } else if (idNumber === \"d\u00e1lia\" && pin === formattedDateWithoutYear) {<!-- [et_pb_line_break_holder] -->                window.location.href = \"https:\/\/www.jatek.cityescape.hu\/wednesdaylogin\/\";<!-- [et_pb_line_break_holder] -->            } else {<!-- [et_pb_line_break_holder] -->                alert(\"\u00c9rv\u00e9nytelen jelsz\u00f3, pr\u00f3b\u00e1ld meg \u00fajra!\");<!-- [et_pb_line_break_holder] -->            }<!-- [et_pb_line_break_holder] -->        }<!-- [et_pb_line_break_holder] --><!-- [et_pb_line_break_holder] -->        function showPinHelp() {<!-- [et_pb_line_break_holder] -->            const idNumber = document.getElementById(\"id-number\").value;<!-- [et_pb_line_break_holder] -->            if (idNumber === \"555\") {<!-- [et_pb_line_break_holder] -->                alert(\"Pr\u00f3b\u00e1lta a sz\u00fclet\u00e9si d\u00e1tumot? form\u00e1tum:\u00c9\u00c9\u00c9\u00c9-HH-NN\");<!-- [et_pb_line_break_holder] -->            } else if (idNumber === \"87294\") {<!-- [et_pb_line_break_holder] -->                alert(\"Pr\u00f3b\u00e1lta a sz\u00fclet\u00e9si d\u00e1tumot? form\u00e1tum:HH-NN\");<!-- [et_pb_line_break_holder] -->            } else if (idNumber === \"888\") {<!-- [et_pb_line_break_holder] -->                alert(\"Jelsz\u00f3: sz\u00fclet\u00e9snap, form\u00e1tum:HH-NN\");<!-- [et_pb_line_break_holder] -->            } else {<!-- [et_pb_line_break_holder] -->                alert(\"Jelsz\u00f3: sz\u00fclet\u00e9snap, form\u00e1tum:HH-NN\");<!-- [et_pb_line_break_holder] -->            }<!-- [et_pb_line_break_holder] -->        }<!-- [et_pb_line_break_holder] -->    <\/script><!-- [et_pb_line_break_holder] --><!-- [et_pb_line_break_holder] --><!-- [et_pb_line_break_holder] -->    <\/p>\n<form id=\"form\"><!-- [et_pb_line_break_holder] -->        <label for=\"id-number\">Felhaszn\u00e1l\u00f3n\u00e9v:<\/label><!-- [et_pb_line_break_holder] -->        <input type=\"text\" id=\"id-number\" name=\"id-number\" required><!-- [et_pb_line_break_holder] -->        <button onclick=\"validateId(event)\">Bek\u00fcld<\/button><!-- [et_pb_line_break_holder] -->        <!\u2013- [et_pb_br_holder] -\u2013><!\u2013- [et_pb_br_holder] -\u2013><!-- [et_pb_line_break_holder] --><!-- [et_pb_line_break_holder] -->        <\/p>\n<div id=\"pin-section\"><!-- [et_pb_line_break_holder] -->            <label for=\"pin\">Jelsz\u00f3:<\/label><!-- [et_pb_line_break_holder] -->            <input type=\"text\" id=\"pin\" name=\"pin\" required><!-- [et_pb_line_break_holder] -->            <span class=\"question-mark\" onclick=\"showPinHelp()\">?<\/span><!-- [et_pb_line_break_holder] -->            <button onclick=\"validatePin(event)\">Bejelentkez\u00e9s<\/button><!-- [et_pb_line_break_holder] -->        <\/div>\n<p><!-- [et_pb_line_break_holder] -->    <\/form>\n<p><!-- [et_pb_line_break_holder] -->[\/et_pb_code][\/et_pb_column][\/et_pb_row][\/et_pb_section]<\/p>\n","protected":false},"excerpt":{"rendered":"","protected":false},"author":1,"featured_media":0,"parent":0,"menu_order":0,"comment_status":"closed","ping_status":"closed","template":"","meta":{"_et_pb_use_builder":"on","_et_pb_old_content":"","_et_gb_content_width":"","footnotes":""},"class_list":["post-182","page","type-page","status-publish","hentry"],"_links":{"self":[{"href":"https:\/\/nevermoreiskola.hu\/index.php?rest_route=\/wp\/v2\/pages\/182","targetHints":{"allow":["GET"]}}],"collection":[{"href":"https:\/\/nevermoreiskola.hu\/index.php?rest_route=\/wp\/v2\/pages"}],"about":[{"href":"https:\/\/nevermoreiskola.hu\/index.php?rest_route=\/wp\/v2\/types\/page"}],"author":[{"embeddable":true,"href":"https:\/\/nevermoreiskola.hu\/index.php?rest_route=\/wp\/v2\/users\/1"}],"replies":[{"embeddable":true,"href":"https:\/\/nevermoreiskola.hu\/index.php?rest_route=%2Fwp%2Fv2%2Fcomments&post=182"}],"version-history":[{"count":21,"href":"https:\/\/nevermoreiskola.hu\/index.php?rest_route=\/wp\/v2\/pages\/182\/revisions"}],"predecessor-version":[{"id":337,"href":"https:\/\/nevermoreiskola.hu\/index.php?rest_route=\/wp\/v2\/pages\/182\/revisions\/337"}],"wp:attachment":[{"href":"https:\/\/nevermoreiskola.hu\/index.php?rest_route=%2Fwp%2Fv2%2Fmedia&parent=182"}],"curies":[{"name":"wp","href":"https:\/\/api.w.org\/{rel}","templated":true}]}}