{"id":52,"date":"2023-04-04T16:29:48","date_gmt":"2023-04-04T16:29:48","guid":{"rendered":"http:\/\/nevermoreiskola.hu\/?page_id=52"},"modified":"2023-04-11T12:47:50","modified_gmt":"2023-04-11T12:47:50","slug":"fooldal","status":"publish","type":"page","link":"https:\/\/nevermoreiskola.hu\/","title":{"rendered":"fooldal"},"content":{"rendered":"<p>[et_pb_section fb_built=&#8221;1&#8243; fullwidth=&#8221;on&#8221; disabled_on=&#8221;off|off|off&#8221; module_id=&#8221;kezdooldal&#8221; module_class=&#8221;kezdooldal&#8221; _builder_version=&#8221;4.20.4&#8243; _module_preset=&#8221;default&#8221; background_video_mp4=&#8221;http:\/\/nevermoreiskola.hu\/wp-content\/uploads\/2023\/04\/desktop_bg-2.mp4&#8243; width=&#8221;100%&#8221; max_width=&#8221;100%&#8221; min_height=&#8221;704px&#8221; height=&#8221;733px&#8221; max_height=&#8221;997px&#8221; custom_padding=&#8221;||0px|||&#8221; background_last_edited=&#8221;on|phone&#8221; background_image_phone=&#8221;http:\/\/nevermoreiskola.hu\/wp-content\/uploads\/2023\/04\/2023-04-04-20_14_11-.png&#8221; background_enable_image_phone=&#8221;on&#8221; background_enable_video_mp4_phone=&#8221;off&#8221; global_colors_info=&#8221;{}&#8221;][et_pb_fullwidth_header text_orientation=&#8221;center&#8221; button_one_text=&#8221;Jelentkez\u00e9s&#8221; logo_image_url=&#8221;http:\/\/nevermoreiskola.hu\/wp-content\/uploads\/2023\/04\/tt.png&#8221; content_max_width=&#8221;28%&#8221; content_max_width_tablet=&#8221;28%&#8221; content_max_width_phone=&#8221;57%&#8221; content_max_width_last_edited=&#8221;on|phone&#8221; _builder_version=&#8221;4.20.4&#8243; _module_preset=&#8221;default&#8221; background_color=&#8221;RGBA(255,255,255,0)&#8221; background_enable_video_mp4=&#8221;off&#8221; custom_button_one=&#8221;on&#8221; button_one_text_size=&#8221;16px&#8221; button_one_bg_color=&#8221;rgba(25,30,8,0.73)&#8221; button_one_border_color=&#8221;#eaa41c&#8221; button_one_border_radius=&#8221;36px&#8221; button_one_font=&#8221;Alegreya Sans||||||||&#8221; button_one_use_icon=&#8221;off&#8221; custom_margin=&#8221;140px||0px||false|false&#8221; custom_padding=&#8221;11px||353px||false|false&#8221; hover_enabled=&#8221;0&#8243; background_last_edited=&#8221;on|phone&#8221; background_enable_video_mp4_phone=&#8221;off&#8221; button_one_bg_color_tablet=&#8221;rgba(25,30,8,0.73)&#8221; button_one_bg_color_phone=&#8221;rgba(25,30,8,0.73)&#8221; button_one_bg_color_last_edited=&#8221;on|desktop&#8221; box_shadow_style_button_one=&#8221;preset1&#8243; global_colors_info=&#8221;{}&#8221; button_one_bg_color__hover_enabled=&#8221;on|desktop&#8221; button_one_bg_color__hover=&#8221;rgba(25,30,8,0.73)&#8221; button_two_text=&#8221;Bel\u00e9p\u00e9s tanul\u00f3knak&#8221; custom_button_two=&#8221;on&#8221; sticky_enabled=&#8221;0&#8243; button_two_url=&#8221;http:\/\/nevermoreiskola.hu\/?page_id=182&#8243; button_two_text_size=&#8221;16px&#8221; button_two_bg_color=&#8221;rgba(25,30,8,0.73)&#8221; button_two_bg_color__hover=&#8221;rgba(25,30,8,0.73)&#8221; button_two_bg_color__hover_enabled=&#8221;on|desktop&#8221; button_two_bg_color_tablet=&#8221;rgba(25,30,8,0.73)&#8221; button_two_bg_color_phone=&#8221;rgba(25,30,8,0.73)&#8221; button_two_bg_color_last_edited=&#8221;on|desktop&#8221; button_two_border_color=&#8221;#eaa41c&#8221; button_two_border_radius=&#8221;36px&#8221; button_two_font=&#8221;Alegreya Sans||||||||&#8221; button_two_use_icon=&#8221;off&#8221; box_shadow_style_button_two=&#8221;preset1&#8243;][\/et_pb_fullwidth_header][\/et_pb_section][et_pb_section fb_built=&#8221;1&#8243; module_id=&#8221;misszionk&#8221; module_class=&#8221;misszionk&#8221; _builder_version=&#8221;4.20.4&#8243; _module_preset=&#8221;default&#8221; background_color=&#8221;#000000&#8243; global_colors_info=&#8221;{}&#8221;][et_pb_row _builder_version=&#8221;4.20.4&#8243; _module_preset=&#8221;default&#8221; global_colors_info=&#8221;{}&#8221;][et_pb_column type=&#8221;4_4&#8243; _builder_version=&#8221;4.20.4&#8243; _module_preset=&#8221;default&#8221; global_colors_info=&#8221;{}&#8221;][et_pb_text _builder_version=&#8221;4.20.4&#8243; _module_preset=&#8221;default&#8221; text_font=&#8221;Alegreya Sans||||||||&#8221; text_text_color=&#8221;#FFFFFF&#8221; text_font_size=&#8221;26px&#8221; header_font=&#8221;Alegreya Sans||||||||&#8221; header_text_color=&#8221;rgba(231,163,30,0.68)&#8221; header_font_size=&#8221;40px&#8221; text_font_size_tablet=&#8221;26px&#8221; text_font_size_phone=&#8221;15px&#8221; text_font_size_last_edited=&#8221;on|phone&#8221; global_colors_info=&#8221;{}&#8221;]<\/p>\n<h1><span style=\"color: #ffcc00;\">Misszi\u00f3nk<\/span><\/h1>\n<p>Az 1791-ben alap\u00edtott Nevermore Akad\u00e9mia egy olyan akad\u00e9miai int\u00e9zm\u00e9ny, amely sz\u00e1mkivetetteket, korcsokat \u00e9s sz\u00f6rnyeket foglalkoztat. K\u00fcldet\u00e9s\u00fcnk, hogy seg\u00edts\u00fcnk minden di\u00e1knak elsaj\u00e1t\u00edtani rendk\u00edv\u00fcli k\u00e9pess\u00e9geit vil\u00e1gsz\u00ednvonal\u00fa oktat\u00f3k \u00e9s egyedi tan\u00f3r\u00e1n k\u00edv\u00fcli programok r\u00e9v\u00e9n.<\/p>\n<p>[\/et_pb_text][et_pb_video src=&#8221;http:\/\/nevermoreiskola.hu\/wp-content\/uploads\/2023\/04\/welcome.mp4&#8243; _builder_version=&#8221;4.20.4&#8243; _module_preset=&#8221;default&#8221; global_colors_info=&#8221;{}&#8221;][\/et_pb_video][\/et_pb_column][\/et_pb_row][\/et_pb_section][et_pb_section fb_built=&#8221;1&#8243; module_id=&#8221;ismerd&#8221; module_class=&#8221;ismerd&#8221; _builder_version=&#8221;4.20.4&#8243; _module_preset=&#8221;default&#8221; background_color=&#8221;#11001e&#8221; global_colors_info=&#8221;{}&#8221;][et_pb_row column_structure=&#8221;1_2,1_2&#8243; _builder_version=&#8221;4.20.4&#8243; _module_preset=&#8221;default&#8221; global_colors_info=&#8221;{}&#8221;][et_pb_column type=&#8221;1_2&#8243; _builder_version=&#8221;4.20.4&#8243; _module_preset=&#8221;default&#8221; global_colors_info=&#8221;{}&#8221;][et_pb_image src=&#8221;http:\/\/nevermoreiskola.hu\/wp-content\/uploads\/2023\/04\/principal-1.jpg&#8221; align=&#8221;center&#8221; _builder_version=&#8221;4.20.4&#8243; _module_preset=&#8221;default&#8221; width=&#8221;73%&#8221; global_colors_info=&#8221;{}&#8221;][\/et_pb_image][\/et_pb_column][et_pb_column type=&#8221;1_2&#8243; _builder_version=&#8221;4.20.4&#8243; _module_preset=&#8221;default&#8221; global_colors_info=&#8221;{}&#8221;][et_pb_text _builder_version=&#8221;4.20.4&#8243; _module_preset=&#8221;default&#8221; text_font=&#8221;Alegreya Sans||||||||&#8221; text_text_color=&#8221;#FFFFFF&#8221; text_font_size=&#8221;26px&#8221; header_font=&#8221;Alegreya Sans||||||||&#8221; header_text_color=&#8221;#ffffff&#8221; header_font_size=&#8221;40px&#8221; header_3_font=&#8221;Alegreya Sans||||||||&#8221; header_3_text_color=&#8221;#eaa41c&#8221; header_5_font=&#8221;Alegreya Sans||||||||&#8221; header_5_text_color=&#8221;#c6c6c6&#8243; header_5_font_size=&#8221;24px&#8221; header_6_font=&#8221;Alex Brush||||||||&#8221; header_6_text_color=&#8221;#b5b5b5&#8243; header_6_font_size=&#8221;33px&#8221; text_font_size_tablet=&#8221;26px&#8221; text_font_size_phone=&#8221;15px&#8221; text_font_size_last_edited=&#8221;on|phone&#8221; global_colors_info=&#8221;{}&#8221;]<\/p>\n<h3>Ismerd meg az igazgat\u00f3nkat<\/h3>\n<h1>&#8222;A Nevermore egy biztons\u00e1gos mened\u00e9k di\u00e1kjaink sz\u00e1m\u00e1ra, hogy tanuljanak \u00e9s fejl\u0151djenek, f\u00fcggetlen\u00fcl att\u00f3l, hogy kik is \u0151k.&#8221;<\/h1>\n<h5>T\u00f6bb mint 200 \u00e9ve fogadunk mindenf\u00e9le kitasz\u00edtottat \u2013 v\u00e9rfarkasokat, v\u00e1mp\u00edrokat, szir\u00e9neket \u00e9s gorgonokat. Igazgat\u00f3k\u00e9nt megtiszteltet\u00e9s sz\u00e1momra, hogy bejelenthetem, hogy a Nevermore mostant\u00f3l mindenki jelentkez\u00e9s\u00e9t fogadja. Ezennel megh\u00edvok mindenkit, hogy jelentkezzen egyed\u00fcl\u00e1ll\u00f3 iskol\u00e1nkba.\u201d<\/h5>\n<h6>\u2014 Principal Larissa Weems<\/h6>\n<p>&nbsp;<\/p>\n<p>[\/et_pb_text][\/et_pb_column][\/et_pb_row][\/et_pb_section][et_pb_section fb_built=&#8221;1&#8243; module_id=&#8221;oregdiakok&#8221; module_class=&#8221;oregdiakok&#8221; _builder_version=&#8221;4.20.4&#8243; _module_preset=&#8221;default&#8221; background_color=&#8221;#06000a&#8221; global_colors_info=&#8221;{}&#8221;][et_pb_row _builder_version=&#8221;4.20.4&#8243; _module_preset=&#8221;default&#8221; global_colors_info=&#8221;{}&#8221;][et_pb_column type=&#8221;4_4&#8243; _builder_version=&#8221;4.20.4&#8243; _module_preset=&#8221;default&#8221; global_colors_info=&#8221;{}&#8221;][et_pb_text _builder_version=&#8221;4.20.4&#8243; _module_preset=&#8221;default&#8221; header_font=&#8221;Average Sans||||||||&#8221; header_text_align=&#8221;center&#8221; header_text_color=&#8221;rgba(255,204,0,0.76)&#8221; header_font_size=&#8221;36px&#8221; global_colors_info=&#8221;{}&#8221;]<\/p>\n<h1>\u00d6regdi\u00e1kok<\/h1>\n<p>[\/et_pb_text][\/et_pb_column][\/et_pb_row][et_pb_row column_structure=&#8221;1_3,1_3,1_3&#8243; _builder_version=&#8221;4.20.4&#8243; _module_preset=&#8221;default&#8221; global_colors_info=&#8221;{}&#8221;][et_pb_column type=&#8221;1_3&#8243; _builder_version=&#8221;4.20.4&#8243; _module_preset=&#8221;default&#8221; global_colors_info=&#8221;{}&#8221;][et_pb_blurb title=&#8221;Morticia Addams&#8221; image=&#8221;http:\/\/nevermoreiskola.hu\/wp-content\/uploads\/2023\/04\/morticia.jpg&#8221; _builder_version=&#8221;4.20.4&#8243; _module_preset=&#8221;default&#8221; header_level=&#8221;h1&#8243; header_font=&#8221;Alegreya Sans||||||||&#8221; header_text_color=&#8221;rgba(255,255,255,0.88)&#8221; body_text_color=&#8221;rgba(255,255,255,0.64)&#8221; global_colors_info=&#8221;{}&#8221;]<\/p>\n<p>\u201eA Nevermore k\u00fcl\u00f6nleges helyet foglal el fekete sz\u00edvemben. Itt ismerkedtem meg \u00e9s szerettem bele a f\u00e9rjembe, Gomezbe. Nagyon b\u00fcszke vagyok r\u00e1, hogy a l\u00e1nyom, Wednesday k\u00f6veti nyomdokainkat, \u00e9s csatlakozik az iskol\u00e1hoz.<\/p>\n<p>[\/et_pb_blurb][\/et_pb_column][et_pb_column type=&#8221;1_3&#8243; _builder_version=&#8221;4.20.4&#8243; _module_preset=&#8221;default&#8221; global_colors_info=&#8221;{}&#8221;][et_pb_blurb title=&#8221;Ignatius Itt&#8221; image=&#8221;http:\/\/nevermoreiskola.hu\/wp-content\/uploads\/2023\/04\/cousin.jpg&#8221; _builder_version=&#8221;4.20.4&#8243; _module_preset=&#8221;default&#8221; header_level=&#8221;h1&#8243; header_font=&#8221;Alegreya Sans||||||||&#8221; header_text_color=&#8221;rgba(255,255,255,0.88)&#8221; body_text_color=&#8221;rgba(255,255,255,0.64)&#8221; border_radii=&#8221;on|NaNpx|NaNpx|NaNpx|NaNpx&#8221; border_color_all=&#8221;rgba(224,153,0,0.45)&#8221; global_colors_info=&#8221;{}&#8221;]<\/p>\n<p>\u201eA csal\u00e1dom tagjai gener\u00e1ci\u00f3k \u00f3ta j\u00e1rnak a Nevermoreba. Annyi felejthetetlen eml\u00e9k forr\u00e1sa ez \u2013 k\u00e9s\u0151 esti sze\u00e1nszok, t\u00e1nc a Dark Prom-en, v\u00edv\u00e1s hal\u00e1lra \u2013 micsoda sz\u00f3rakoz\u00e1s!\u201d<\/p>\n<p>[\/et_pb_blurb][\/et_pb_column][et_pb_column type=&#8221;1_3&#8243; _builder_version=&#8221;4.20.4&#8243; _module_preset=&#8221;default&#8221; global_colors_info=&#8221;{}&#8221;][et_pb_blurb title=&#8221;Edgar Allen Poe&#8221; image=&#8221;http:\/\/nevermoreiskola.hu\/wp-content\/uploads\/2023\/04\/edgar.jpg&#8221; _builder_version=&#8221;4.20.4&#8243; _module_preset=&#8221;default&#8221; header_level=&#8221;h1&#8243; header_font=&#8221;Alegreya Sans||||||||&#8221; header_text_color=&#8221;rgba(255,255,255,0.88)&#8221; body_text_color=&#8221;rgba(255,255,255,0.64)&#8221; global_colors_info=&#8221;{}&#8221;]<\/p>\n<p>A h\u00e1tborzongat\u00f3 mester a Nevermore legh\u00edresebb \u00f6regdi\u00e1kja. A Nevermore-ban elt\u00f6lt\u00f6tt id\u0151 el\u0151seg\u00edtette kiteljesed\u00e9s\u00e9t, \u00e9s inspir\u00e1lta legmorbidabb irodalmi m\u0171veit.<\/p>\n<p>[\/et_pb_blurb][\/et_pb_column][\/et_pb_row][\/et_pb_section][et_pb_section fb_built=&#8221;1&#8243; _builder_version=&#8221;4.20.4&#8243; _module_preset=&#8221;default&#8221; background_color=&#8221;#06000a&#8221; global_colors_info=&#8221;{}&#8221;][et_pb_row _builder_version=&#8221;4.20.4&#8243; _module_preset=&#8221;default&#8221; global_colors_info=&#8221;{}&#8221;][et_pb_column type=&#8221;4_4&#8243; _builder_version=&#8221;4.20.4&#8243; _module_preset=&#8221;default&#8221; global_colors_info=&#8221;{}&#8221;][et_pb_text _builder_version=&#8221;4.20.4&#8243; _module_preset=&#8221;default&#8221; header_font=&#8221;Alegreya Sans||||||||&#8221; header_text_align=&#8221;center&#8221; header_text_color=&#8221;rgba(255,204,0,0.76)&#8221; header_font_size=&#8221;36px&#8221; global_colors_info=&#8221;{}&#8221;]<\/p>\n<h1>Ismerd Meg Tanul\u00f3inkat<\/h1>\n<p>[\/et_pb_text][\/et_pb_column][\/et_pb_row][et_pb_row column_structure=&#8221;1_3,1_3,1_3&#8243; _builder_version=&#8221;4.20.4&#8243; _module_preset=&#8221;default&#8221; global_colors_info=&#8221;{}&#8221;][et_pb_column type=&#8221;1_3&#8243; _builder_version=&#8221;4.20.4&#8243; _module_preset=&#8221;default&#8221; global_colors_info=&#8221;{}&#8221;][et_pb_blurb title=&#8221;Bianca Barclay&#8221; image=&#8221;http:\/\/nevermoreiskola.hu\/wp-content\/uploads\/2023\/04\/bianca.jpg&#8221; _builder_version=&#8221;4.20.4&#8243; _module_preset=&#8221;default&#8221; header_level=&#8221;h1&#8243; header_font=&#8221;Alegreya Sans||||||||&#8221; header_text_color=&#8221;rgba(255,255,255,0.88)&#8221; body_text_color=&#8221;rgba(255,255,255,0.64)&#8221; global_colors_info=&#8221;{}&#8221;]<\/p>\n<p>\u201eSzir\u00e9nk\u00e9nt, oszt\u00e1lyvezet\u0151k\u00e9nt \u00e9s a Poe-kupa uralkod\u00f3 bajnokak\u00e9nt val\u00f3ban \u00f6nmagam legvar\u00e1zslatosabb v\u00e1ltozata lettem a Nevermore-n\u00e1l.\u201d<\/p>\n<p>[\/et_pb_blurb][\/et_pb_column][et_pb_column type=&#8221;1_3&#8243; _builder_version=&#8221;4.20.4&#8243; _module_preset=&#8221;default&#8221; global_colors_info=&#8221;{}&#8221;][et_pb_blurb title=&#8221;Wednesday Addams&#8221; image=&#8221;http:\/\/nevermoreiskola.hu\/wp-content\/uploads\/2023\/04\/wednesday.jpg&#8221; _builder_version=&#8221;4.20.4&#8243; _module_preset=&#8221;default&#8221; header_level=&#8221;h1&#8243; header_font=&#8221;Alegreya Sans||||||||&#8221; header_text_color=&#8221;rgba(255,255,255,0.88)&#8221; body_text_color=&#8221;rgba(255,255,255,0.64)&#8221; border_radii=&#8221;on|NaNpx|NaNpx|NaNpx|NaNpx&#8221; border_color_all=&#8221;rgba(224,153,0,0.45)&#8221; global_colors_info=&#8221;{}&#8221;]<\/p>\n<p>\u201eA Nevermore di\u00e1kjai vend\u00e9gszeretettel fojtottak el. Rem\u00e9lem, viszonozom a sz\u00edvess\u00e9get \u2013 \u00e1lmukban.\u201d<\/p>\n<p>[\/et_pb_blurb][\/et_pb_column][et_pb_column type=&#8221;1_3&#8243; _builder_version=&#8221;4.20.4&#8243; _module_preset=&#8221;default&#8221; global_colors_info=&#8221;{}&#8221;][et_pb_blurb title=&#8221;Yoko Tanaka&#8221; image=&#8221;http:\/\/nevermoreiskola.hu\/wp-content\/uploads\/2023\/04\/yoko.jpg&#8221; _builder_version=&#8221;4.20.4&#8243; _module_preset=&#8221;default&#8221; header_level=&#8221;h1&#8243; header_font=&#8221;Alegreya Sans||||||||&#8221; header_text_color=&#8221;rgba(255,255,255,0.88)&#8221; body_text_color=&#8221;rgba(255,255,255,0.64)&#8221; global_colors_info=&#8221;{}&#8221;]<\/p>\n<p>Meleg eml\u00e9keim a Nevermore-r\u00f3l egy \u00e9leten \u00e1t megmaradnak \u2013 ami sz\u00e1momra val\u00f3sz\u00edn\u0171leg k\u00f6r\u00fclbel\u00fcl 3 \u00e9vsz\u00e1zados lesz.\u201d<\/p>\n<p>[\/et_pb_blurb][\/et_pb_column][\/et_pb_row][\/et_pb_section][et_pb_section fb_built=&#8221;1&#8243; module_id=&#8221;programok&#8221; module_class=&#8221;programok&#8221; _builder_version=&#8221;4.20.4&#8243; _module_preset=&#8221;default&#8221; background_color=&#8221;#11001e&#8221; global_colors_info=&#8221;{}&#8221;][et_pb_row _builder_version=&#8221;4.20.4&#8243; _module_preset=&#8221;default&#8221; global_colors_info=&#8221;{}&#8221;][et_pb_column type=&#8221;4_4&#8243; _builder_version=&#8221;4.20.4&#8243; _module_preset=&#8221;default&#8221; global_colors_info=&#8221;{}&#8221;][et_pb_text _builder_version=&#8221;4.20.4&#8243; _module_preset=&#8221;default&#8221; header_font=&#8221;Alegreya Sans||||||||&#8221; header_text_align=&#8221;center&#8221; header_text_color=&#8221;rgba(255,204,0,0.76)&#8221; header_font_size=&#8221;36px&#8221; global_colors_info=&#8221;{}&#8221;]<\/p>\n<h1 style=\"text-align: left;\">Programok &amp; Esem\u00e9nyek<\/h1>\n<p>[\/et_pb_text][\/et_pb_column][\/et_pb_row][et_pb_row _builder_version=&#8221;4.20.4&#8243; _module_preset=&#8221;default&#8221; global_colors_info=&#8221;{}&#8221;][et_pb_column type=&#8221;4_4&#8243; _builder_version=&#8221;4.20.4&#8243; _module_preset=&#8221;default&#8221; global_colors_info=&#8221;{}&#8221;][et_pb_slider _builder_version=&#8221;4.20.4&#8243; _module_preset=&#8221;default&#8221; global_colors_info=&#8221;{}&#8221;][et_pb_slide heading=&#8221;Sz\u00fcl\u0151i h\u00e9tv\u00e9ge&#8221; _builder_version=&#8221;4.20.4&#8243; _module_preset=&#8221;default&#8221; header_level=&#8221;h1&#8243; header_font=&#8221;Abhaya Libre||||||||&#8221; header_font_size=&#8221;31px&#8221; body_text_align=&#8221;left&#8221; body_text_color=&#8221;#e0e0e0&#8243; background_color=&#8221;#352c4b&#8221; background_enable_color=&#8221;on&#8221; global_colors_info=&#8221;{}&#8221; sticky_transition=&#8221;on&#8221;]<\/p>\n<p><img loading=\"lazy\" decoding=\"async\" src=\"http:\/\/nevermoreiskola.hu\/wp-content\/uploads\/2023\/04\/2023-04-06-13_27_48-Nevermore-Academy-300x178.png\" width=\"300\" height=\"178\" alt=\"\" class=\"wp-image-144 alignnone size-medium\" style=\"float: right;\" \/>\u00c9vente egy alkalommal sz\u00fcl\u0151i h\u00e9tv\u00e9g\u00e9t tartunk, mely esem\u00e9ny csod\u00e1latos lehet\u0151s\u00e9ge a Nevermore di\u00e1kjainak, hogy csal\u00e1djukkal t\u00f6lthessenek n\u00e9h\u00e1ny napot a tan\u00e9v k\u00f6zben.<\/p>\n<p>[\/et_pb_slide][et_pb_slide heading=&#8221;V\u00e1rosnap&#8221; _builder_version=&#8221;4.20.4&#8243; _module_preset=&#8221;default&#8221; header_level=&#8221;h1&#8243; header_font=&#8221;Abhaya Libre||||||||&#8221; header_font_size=&#8221;31px&#8221; body_text_align=&#8221;left&#8221; body_text_color=&#8221;#e0e0e0&#8243; background_color=&#8221;#352c4b&#8221; background_enable_color=&#8221;on&#8221; global_colors_info=&#8221;{}&#8221; sticky_transition=&#8221;on&#8221;]<\/p>\n<p style=\"text-align: left;\"><img loading=\"lazy\" decoding=\"async\" src=\"http:\/\/nevermoreiskola.hu\/wp-content\/uploads\/2023\/04\/2023-04-06-13_39_21-Nevermore-Academy-300x170.png\" width=\"300\" height=\"170\" alt=\"\" class=\"wp-image-147 alignnone size-medium\" style=\"float: right;\" \/>Egy nap, amelyen Jerik\u00f3 polg\u00e1rai elvegy\u00fclnek Nevermore di\u00e1kjaival, akik el\u0151re kiv\u00e1lasztott tev\u00e9kenys\u00e9gekben vesznek r\u00e9szt. \u00c9vente ker\u00fcl sor Jerik\u00f3 \u00e9vfordul\u00f3j\u00e1ra, hogy tiszteletben tarts\u00e1k alap\u00edt\u00f3j\u00e1t, Joseph Crackstone-t, \u00e9s k\u00f6tel\u00e9ket alak\u00edtsanak ki a kitasz\u00edtottak \u00e9s a &#8222;normiak&#8221; k\u00f6z\u00f6tt.<\/p>\n<p>[\/et_pb_slide][et_pb_slide heading=&#8221;Poe Kupa&#8221; _builder_version=&#8221;4.20.4&#8243; _module_preset=&#8221;default&#8221; header_level=&#8221;h1&#8243; header_font=&#8221;Abhaya Libre||||||||&#8221; header_font_size=&#8221;31px&#8221; body_text_align=&#8221;left&#8221; body_text_color=&#8221;#e0e0e0&#8243; background_color=&#8221;#352c4b&#8221; background_enable_color=&#8221;on&#8221; global_colors_info=&#8221;{}&#8221; sticky_transition=&#8221;on&#8221;]<\/p>\n<p><img loading=\"lazy\" decoding=\"async\" src=\"http:\/\/nevermoreiskola.hu\/wp-content\/uploads\/2023\/04\/2023-04-06-13_42_57-Nevermore-Academy-300x181.png\" width=\"300\" height=\"181\" alt=\"\" class=\"wp-image-153 alignnone size-medium\" style=\"float: right;\" \/>Verseny, amelyen a di\u00e1kok kenuval \u00e1tkelnek a Holl\u00f3-szigetre, ahol z\u00e1szl\u00f3kat ragadnak, amelyeket vissza kell vinni\u00fck a kiindul\u00e1si pontra. 1897 \u00f3ta ker\u00fcl megrendez\u00e9sre.<\/p>\n<p>[\/et_pb_slide][\/et_pb_slider][\/et_pb_column][\/et_pb_row][\/et_pb_section]<\/p>\n","protected":false},"excerpt":{"rendered":"<p>Misszi\u00f3nk Az 1791-ben alap\u00edtott Nevermore Akad\u00e9mia egy olyan akad\u00e9miai int\u00e9zm\u00e9ny, amely sz\u00e1mkivetetteket, korcsokat \u00e9s sz\u00f6rnyeket foglalkoztat. K\u00fcldet\u00e9s\u00fcnk, hogy seg\u00edts\u00fcnk minden di\u00e1knak elsaj\u00e1t\u00edtani rendk\u00edv\u00fcli k\u00e9pess\u00e9geit vil\u00e1gsz\u00ednvonal\u00fa oktat\u00f3k \u00e9s egyedi tan\u00f3r\u00e1n k\u00edv\u00fcli programok r\u00e9v\u00e9n.Ismerd meg az igazgat\u00f3nkat &#8222;A Nevermore egy biztons\u00e1gos mened\u00e9k di\u00e1kjaink sz\u00e1m\u00e1ra, hogy tanuljanak \u00e9s fejl\u0151djenek, f\u00fcggetlen\u00fcl att\u00f3l, hogy kik is \u0151k.&#8221; T\u00f6bb mint 200 [&hellip;]<\/p>\n","protected":false},"author":1,"featured_media":0,"parent":0,"menu_order":0,"comment_status":"closed","ping_status":"closed","template":"","meta":{"_et_pb_use_builder":"on","_et_pb_old_content":"","_et_gb_content_width":"","footnotes":""},"class_list":["post-52","page","type-page","status-publish","hentry"],"_links":{"self":[{"href":"https:\/\/nevermoreiskola.hu\/index.php?rest_route=\/wp\/v2\/pages\/52","targetHints":{"allow":["GET"]}}],"collection":[{"href":"https:\/\/nevermoreiskola.hu\/index.php?rest_route=\/wp\/v2\/pages"}],"about":[{"href":"https:\/\/nevermoreiskola.hu\/index.php?rest_route=\/wp\/v2\/types\/page"}],"author":[{"embeddable":true,"href":"https:\/\/nevermoreiskola.hu\/index.php?rest_route=\/wp\/v2\/users\/1"}],"replies":[{"embeddable":true,"href":"https:\/\/nevermoreiskola.hu\/index.php?rest_route=%2Fwp%2Fv2%2Fcomments&post=52"}],"version-history":[{"count":39,"href":"https:\/\/nevermoreiskola.hu\/index.php?rest_route=\/wp\/v2\/pages\/52\/revisions"}],"predecessor-version":[{"id":192,"href":"https:\/\/nevermoreiskola.hu\/index.php?rest_route=\/wp\/v2\/pages\/52\/revisions\/192"}],"wp:attachment":[{"href":"https:\/\/nevermoreiskola.hu\/index.php?rest_route=%2Fwp%2Fv2%2Fmedia&parent=52"}],"curies":[{"name":"wp","href":"https:\/\/api.w.org\/{rel}","templated":true}]}}